{"id":100,"date":"2026-01-25T22:25:38","date_gmt":"2026-01-25T21:25:38","guid":{"rendered":"https:\/\/chessgamesemporium.com\/beerbellyband-wp\/?page_id=100"},"modified":"2026-02-13T15:46:46","modified_gmt":"2026-02-13T14:46:46","slug":"clani-skupine","status":"publish","type":"page","link":"https:\/\/beerbellyband.com\/en\/clani-skupine\/","title":{"rendered":"Band Members"},"content":{"rendered":"<p>Beer Belly Band is made up of musicians with many years of stage experience both at home and abroad. Each member brings their own character, energy, and passion for Irish and Celtic music.<\/p>\n\n\n\n<div class=\"wp-block-uagb-container uagb-block-dfa12d67 alignfull uagb-is-root-container\"><div class=\"uagb-container-inner-blocks-wrap\">\n<div class=\"wp-block-uagb-container uagb-block-ff7a7f2a\">\n<figure class=\"wp-block-image size-full is-resized\"><img loading=\"lazy\" decoding=\"async\" width=\"1024\" height=\"1024\" src=\"https:\/\/chessgamesemporium.com\/beerbellyband-wp\/wp-content\/uploads\/2026\/01\/Uros-Kavcic-Kitara-Banjo-Mandolina-Concertina-Beer-Belly-Band.png\" alt=\"\" class=\"wp-image-296\" style=\"width:180px\" srcset=\"https:\/\/beerbellyband.com\/wp-content\/uploads\/2026\/01\/Uros-Kavcic-Kitara-Banjo-Mandolina-Concertina-Beer-Belly-Band.png 1024w, https:\/\/beerbellyband.com\/wp-content\/uploads\/2026\/01\/Uros-Kavcic-Kitara-Banjo-Mandolina-Concertina-Beer-Belly-Band-300x300.png 300w, https:\/\/beerbellyband.com\/wp-content\/uploads\/2026\/01\/Uros-Kavcic-Kitara-Banjo-Mandolina-Concertina-Beer-Belly-Band-150x150.png 150w, https:\/\/beerbellyband.com\/wp-content\/uploads\/2026\/01\/Uros-Kavcic-Kitara-Banjo-Mandolina-Concertina-Beer-Belly-Band-768x768.png 768w\" sizes=\"auto, (max-width: 1024px) 100vw, 1024px\" \/><\/figure>\n<\/div>\n\n\n\n<div class=\"wp-block-uagb-container uagb-block-cab0b7d3\">\n<div class=\"wp-block-uagb-advanced-heading uagb-block-aabc10c4\"><h3 class=\"uagb-heading-text\">Uros Kavcic<\/h3><\/div>\n\n\n\n<div class=\"wp-block-uagb-advanced-heading uagb-block-c068528b\"><h3 class=\"uagb-heading-text\">Lead vocals, guitar, banjo, concertina<\/h3><\/div>\n<\/div>\n<\/div><\/div>\n\n\n\n<div class=\"wp-block-uagb-container uagb-block-9c0bbb93 alignfull uagb-is-root-container\"><div class=\"uagb-container-inner-blocks-wrap\">\n<div class=\"wp-block-uagb-container uagb-block-298e00a7\">\n<figure class=\"wp-block-image size-full is-resized\"><img loading=\"lazy\" decoding=\"async\" width=\"1024\" height=\"1024\" src=\"https:\/\/chessgamesemporium.com\/beerbellyband-wp\/wp-content\/uploads\/2026\/01\/Tina-Blaznik-Violina-Beer-Belly-Band.png\" alt=\"\" class=\"wp-image-299\" style=\"width:180px\" srcset=\"https:\/\/beerbellyband.com\/wp-content\/uploads\/2026\/01\/Tina-Blaznik-Violina-Beer-Belly-Band.png 1024w, https:\/\/beerbellyband.com\/wp-content\/uploads\/2026\/01\/Tina-Blaznik-Violina-Beer-Belly-Band-300x300.png 300w, https:\/\/beerbellyband.com\/wp-content\/uploads\/2026\/01\/Tina-Blaznik-Violina-Beer-Belly-Band-150x150.png 150w, https:\/\/beerbellyband.com\/wp-content\/uploads\/2026\/01\/Tina-Blaznik-Violina-Beer-Belly-Band-768x768.png 768w\" sizes=\"auto, (max-width: 1024px) 100vw, 1024px\" \/><\/figure>\n<\/div>\n\n\n\n<div class=\"wp-block-uagb-container uagb-block-eeb2db2d\">\n<div class=\"wp-block-uagb-advanced-heading uagb-block-bfd7382f\"><h3 class=\"uagb-heading-text\">Tina Blaznik<\/h3><\/div>\n\n\n\n<div class=\"wp-block-uagb-advanced-heading uagb-block-889dba7e\"><h2 class=\"uagb-heading-text\">Fiddle<\/h2><\/div>\n<\/div>\n<\/div><\/div>\n\n\n\n<div class=\"wp-block-uagb-container uagb-block-8d23014f alignfull uagb-is-root-container\"><div class=\"uagb-container-inner-blocks-wrap\">\n<div class=\"wp-block-uagb-container uagb-block-624e7dcd\">\n<figure class=\"wp-block-image size-full is-resized\"><img loading=\"lazy\" decoding=\"async\" width=\"1024\" height=\"1024\" src=\"https:\/\/chessgamesemporium.com\/beerbellyband-wp\/wp-content\/uploads\/2026\/01\/Urh-Zupan-Kitara-Banjo-Beer-Belly-Band.png\" alt=\"\" class=\"wp-image-290\" style=\"width:180px\" srcset=\"https:\/\/beerbellyband.com\/wp-content\/uploads\/2026\/01\/Urh-Zupan-Kitara-Banjo-Beer-Belly-Band.png 1024w, https:\/\/beerbellyband.com\/wp-content\/uploads\/2026\/01\/Urh-Zupan-Kitara-Banjo-Beer-Belly-Band-300x300.png 300w, https:\/\/beerbellyband.com\/wp-content\/uploads\/2026\/01\/Urh-Zupan-Kitara-Banjo-Beer-Belly-Band-150x150.png 150w, https:\/\/beerbellyband.com\/wp-content\/uploads\/2026\/01\/Urh-Zupan-Kitara-Banjo-Beer-Belly-Band-768x768.png 768w\" sizes=\"auto, (max-width: 1024px) 100vw, 1024px\" \/><\/figure>\n<\/div>\n\n\n\n<div class=\"wp-block-uagb-container uagb-block-cf461789\">\n<div class=\"wp-block-uagb-advanced-heading uagb-block-6f23d495\"><h3 class=\"uagb-heading-text\">Urh Zupan<\/h3><\/div>\n\n\n\n<div class=\"wp-block-uagb-advanced-heading uagb-block-bcfbc540\"><h3 class=\"uagb-heading-text\">Backing vocals, guitar, banjo<\/h3><\/div>\n<\/div>\n<\/div><\/div>\n\n\n\n<div class=\"wp-block-uagb-container uagb-block-951c8f68 alignfull uagb-is-root-container\"><div class=\"uagb-container-inner-blocks-wrap\">\n<div class=\"wp-block-uagb-container uagb-block-3674da89\">\n<figure class=\"wp-block-image size-full is-resized\"><img loading=\"lazy\" decoding=\"async\" width=\"1024\" height=\"1024\" src=\"https:\/\/chessgamesemporium.com\/beerbellyband-wp\/wp-content\/uploads\/2026\/01\/Adrijan-Novak-Kontrabas-Beer-Belly-Band.png\" alt=\"\" class=\"wp-image-285\" style=\"width:180px\" srcset=\"https:\/\/beerbellyband.com\/wp-content\/uploads\/2026\/01\/Adrijan-Novak-Kontrabas-Beer-Belly-Band.png 1024w, https:\/\/beerbellyband.com\/wp-content\/uploads\/2026\/01\/Adrijan-Novak-Kontrabas-Beer-Belly-Band-300x300.png 300w, https:\/\/beerbellyband.com\/wp-content\/uploads\/2026\/01\/Adrijan-Novak-Kontrabas-Beer-Belly-Band-150x150.png 150w, https:\/\/beerbellyband.com\/wp-content\/uploads\/2026\/01\/Adrijan-Novak-Kontrabas-Beer-Belly-Band-768x768.png 768w\" sizes=\"auto, (max-width: 1024px) 100vw, 1024px\" \/><\/figure>\n<\/div>\n\n\n\n<div class=\"wp-block-uagb-container uagb-block-55bbc087\">\n<div class=\"wp-block-uagb-advanced-heading uagb-block-b8ee1b10\"><h3 class=\"uagb-heading-text\">Adrijan Novak<\/h3><\/div>\n\n\n\n<div class=\"wp-block-uagb-advanced-heading uagb-block-b111af3e\"><h2 class=\"uagb-heading-text\">Backing vocals, double bass<\/h2><\/div>\n<\/div>\n<\/div><\/div>\n\n\n\n<div class=\"wp-block-uagb-container uagb-block-b7b5f450 alignfull uagb-is-root-container\"><div class=\"uagb-container-inner-blocks-wrap\">\n<div class=\"wp-block-uagb-container uagb-block-a2744263\">\n<figure class=\"wp-block-image size-full is-resized\"><img loading=\"lazy\" decoding=\"async\" width=\"1024\" height=\"1024\" src=\"https:\/\/chessgamesemporium.com\/beerbellyband-wp\/wp-content\/uploads\/2026\/01\/Ziga-Stucin-Cajun-Percussion-Beer-Belly-Band.png\" alt=\"\" class=\"wp-image-293\" style=\"width:180px\" srcset=\"https:\/\/beerbellyband.com\/wp-content\/uploads\/2026\/01\/Ziga-Stucin-Cajun-Percussion-Beer-Belly-Band.png 1024w, https:\/\/beerbellyband.com\/wp-content\/uploads\/2026\/01\/Ziga-Stucin-Cajun-Percussion-Beer-Belly-Band-300x300.png 300w, https:\/\/beerbellyband.com\/wp-content\/uploads\/2026\/01\/Ziga-Stucin-Cajun-Percussion-Beer-Belly-Band-150x150.png 150w, https:\/\/beerbellyband.com\/wp-content\/uploads\/2026\/01\/Ziga-Stucin-Cajun-Percussion-Beer-Belly-Band-768x768.png 768w\" sizes=\"auto, (max-width: 1024px) 100vw, 1024px\" \/><\/figure>\n<\/div>\n\n\n\n<div class=\"wp-block-uagb-container uagb-layout-flex uagb-block-f753589a\">\n<div class=\"wp-block-uagb-advanced-heading uagb-block-ca510003\"><h3 class=\"uagb-heading-text\">Ziga Stucin<\/h3><\/div>\n\n\n\n<div class=\"wp-block-uagb-advanced-heading uagb-block-9e5f4938\"><h3 class=\"uagb-heading-text\">Backing vocals, caj\u00f3n, percussion<\/h3><\/div>\n<\/div>\n<\/div><\/div>\n\n\n\n<p><\/p>","protected":false},"excerpt":{"rendered":"<p>Beer Belly Band sestavljajo glasbeniki z dolgoletnimi izku\u0161njami na odrih doma in v tujini. Vsak \u010dlan prispeva svoj zna\u010daj, energijo [&hellip;]<\/p>\n","protected":false},"author":1,"featured_media":0,"parent":0,"menu_order":0,"comment_status":"closed","ping_status":"closed","template":"","meta":{"_acf_changed":false,"_uag_custom_page_level_css":"","site-sidebar-layout":"default","site-content-layout":"","ast-site-content-layout":"default","site-content-style":"default","site-sidebar-style":"default","ast-global-header-display":"","ast-banner-title-visibility":"","ast-main-header-display":"","ast-hfb-above-header-display":"","ast-hfb-below-header-display":"","ast-hfb-mobile-header-display":"","site-post-title":"","ast-breadcrumbs-content":"","ast-featured-img":"","footer-sml-layout":"","ast-disable-related-posts":"","theme-transparent-header-meta":"","adv-header-id-meta":"","stick-header-meta":"","header-above-stick-meta":"","header-main-stick-meta":"","header-below-stick-meta":"","astra-migrate-meta-layouts":"default","ast-page-background-enabled":"default","ast-page-background-meta":{"desktop":{"background-color":"var(--ast-global-color-5)","background-image":"","background-repeat":"repeat","background-position":"center center","background-size":"auto","background-attachment":"scroll","background-type":"","background-media":"","overlay-type":"","overlay-color":"","overlay-opacity":"","overlay-gradient":""},"tablet":{"background-color":"","background-image":"","background-repeat":"repeat","background-position":"center center","background-size":"auto","background-attachment":"scroll","background-type":"","background-media":"","overlay-type":"","overlay-color":"","overlay-opacity":"","overlay-gradient":""},"mobile":{"background-color":"","background-image":"","background-repeat":"repeat","background-position":"center center","background-size":"auto","background-attachment":"scroll","background-type":"","background-media":"","overlay-type":"","overlay-color":"","overlay-opacity":"","overlay-gradient":""}},"ast-content-background-meta":{"desktop":{"background-color":"var(--ast-global-color-4)","background-image":"","background-repeat":"repeat","background-position":"center center","background-size":"auto","background-attachment":"scroll","background-type":"","background-media":"","overlay-type":"","overlay-color":"","overlay-opacity":"","overlay-gradient":""},"tablet":{"background-color":"var(--ast-global-color-4)","background-image":"","background-repeat":"repeat","background-position":"center center","background-size":"auto","background-attachment":"scroll","background-type":"","background-media":"","overlay-type":"","overlay-color":"","overlay-opacity":"","overlay-gradient":""},"mobile":{"background-color":"var(--ast-global-color-4)","background-image":"","background-repeat":"repeat","background-position":"center center","background-size":"auto","background-attachment":"scroll","background-type":"","background-media":"","overlay-type":"","overlay-color":"","overlay-opacity":"","overlay-gradient":""}},"footnotes":""},"class_list":["post-100","page","type-page","status-publish","hentry"],"acf":[],"uagb_featured_image_src":{"full":false,"thumbnail":false,"medium":false,"medium_large":false,"large":false,"1536x1536":false,"2048x2048":false,"trp-custom-language-flag":false},"uagb_author_info":{"display_name":"beerbellyadmin","author_link":"https:\/\/beerbellyband.com\/en\/author\/beerbellyadmin\/"},"uagb_comment_info":0,"uagb_excerpt":"Beer Belly Band sestavljajo glasbeniki z dolgoletnimi izku\u0161njami na odrih doma in v tujini. Vsak \u010dlan prispeva svoj zna\u010daj, energijo [&hellip;]","_links":{"self":[{"href":"https:\/\/beerbellyband.com\/en\/wp-json\/wp\/v2\/pages\/100","targetHints":{"allow":["GET"]}}],"collection":[{"href":"https:\/\/beerbellyband.com\/en\/wp-json\/wp\/v2\/pages"}],"about":[{"href":"https:\/\/beerbellyband.com\/en\/wp-json\/wp\/v2\/types\/page"}],"author":[{"embeddable":true,"href":"https:\/\/beerbellyband.com\/en\/wp-json\/wp\/v2\/users\/1"}],"replies":[{"embeddable":true,"href":"https:\/\/beerbellyband.com\/en\/wp-json\/wp\/v2\/comments?post=100"}],"version-history":[{"count":27,"href":"https:\/\/beerbellyband.com\/en\/wp-json\/wp\/v2\/pages\/100\/revisions"}],"predecessor-version":[{"id":315,"href":"https:\/\/beerbellyband.com\/en\/wp-json\/wp\/v2\/pages\/100\/revisions\/315"}],"wp:attachment":[{"href":"https:\/\/beerbellyband.com\/en\/wp-json\/wp\/v2\/media?parent=100"}],"curies":[{"name":"wp","href":"https:\/\/api.w.org\/{rel}","templated":true}]}}